{"id":189,"date":"2026-04-13T10:55:13","date_gmt":"2026-04-13T09:55:13","guid":{"rendered":"https:\/\/akila-sellerie.fr\/?page_id=189"},"modified":"2026-04-13T10:55:13","modified_gmt":"2026-04-13T09:55:13","slug":"me-connaitre","status":"publish","type":"page","link":"https:\/\/akila-sellerie.fr\/index.php\/me-connaitre\/","title":{"rendered":"Me connaitre"},"content":{"rendered":"\n<div style=\"height:100px\" aria-hidden=\"true\" class=\"wp-block-spacer\"><\/div>\n\n\n\n<h2 class=\"wp-block-heading has-white-color has-text-color has-background has-link-color wp-elements-fb233848564da79e3298ab63d8015197\" style=\"background-color:#384b3f\">Dipl\u00f4mes<\/h2>\n\n\n\n<div style=\"height:66px\" aria-hidden=\"true\" class=\"wp-block-spacer\"><\/div>\n\n\n\n<div class=\"wp-block-uagb-container uagb-block-03cf28b2 alignfull uagb-is-root-container\"><div class=\"uagb-container-inner-blocks-wrap\">\n<div class=\"wp-block-uagb-container uagb-block-e33ceee7\">      \n\t\t\t<div class=\"uagb-icon-wrapper uagb-block-8d399149      \"\n\t\t\tstyle=\"\" >\n\t\t\t\t\t\t\t\t\t<span class=\"uagb-svg-wrapper\" \n\t\t\t\t\t\t\t\t\t\ttabindex=\"0\">\t\t\n\t\t\t\t\t\t\t\t\t\t<svg xmlns=\"https:\/\/www.w3.org\/2000\/svg\" viewBox= \"0 0 384 512\" aria-hidden=\"true\"><path d=\"M288 358.3c13.98-8.088 17.53-30.04 28.88-41.39c11.35-11.35 33.3-14.88 41.39-28.87c7.98-13.79 .1658-34.54 4.373-50.29C366.7 222.5 383.1 208.5 383.1 192c0-16.5-17.27-30.52-21.34-45.73c-4.207-15.75 3.612-36.5-4.365-50.29c-8.086-13.98-30.03-17.52-41.38-28.87c-11.35-11.35-14.89-33.3-28.87-41.39c-13.79-7.979-34.54-.1637-50.29-4.375C222.5 17.27 208.5 0 192 0C175.5 0 161.5 17.27 146.3 21.34C130.5 25.54 109.8 17.73 95.98 25.7C82 33.79 78.46 55.74 67.11 67.08C55.77 78.43 33.81 81.97 25.72 95.95C17.74 109.7 25.56 130.5 21.35 146.2C17.27 161.5 .0008 175.5 .0008 192c0 16.5 17.27 30.52 21.34 45.73c4.207 15.75-3.615 36.5 4.361 50.29C33.8 302 55.74 305.5 67.08 316.9c11.35 11.35 14.89 33.3 28.88 41.4c13.79 7.979 34.53 .1582 50.28 4.369C161.5 366.7 175.5 384 192 384c16.5 0 30.52-17.27 45.74-21.34C253.5 358.5 274.2 366.3 288 358.3zM112 192c0-44.27 35.81-80 80-80s80 35.73 80 80c0 44.17-35.81 80-80 80S112 236.2 112 192zM1.719 433.2c-3.25 8.188-1.781 17.48 3.875 24.25c5.656 6.75 14.53 9.898 23.12 8.148l45.19-9.035l21.43 42.27C99.46 507 107.6 512 116.7 512c.3438 0 .6641-.0117 1.008-.0273c9.5-.375 17.65-6.082 21.24-14.88l33.58-82.08c-53.71-4.639-102-28.12-138.2-63.95L1.719 433.2zM349.6 351.1c-36.15 35.83-84.45 59.31-138.2 63.95l33.58 82.08c3.594 8.797 11.74 14.5 21.24 14.88C266.6 511.1 266.1 512 267.3 512c9.094 0 17.23-4.973 21.35-13.14l21.43-42.28l45.19 9.035c8.594 1.75 17.47-1.398 23.12-8.148c5.656-6.766 7.125-16.06 3.875-24.25L349.6 351.1z\"><\/path><\/svg>\n\t\t\t\t\t\t\t\t\t<\/span>\n\t\t\t\t\t\t\t<\/div>\n\t\t\t<\/div>\n\n\n\n<div class=\"wp-block-uagb-container uagb-block-9fe86fea\">      \n\t\t\t<div class=\"uagb-icon-wrapper uagb-block-868eb983      \"\n\t\t\tstyle=\"\" >\n\t\t\t\t\t\t\t\t\t<span class=\"uagb-svg-wrapper\" \n\t\t\t\t\t aria-label=\"award\"\t\t\t\t\ttabindex=\"0\">\t\t\n\t\t\t\t\t\t\t\t\t\t<svg xmlns=\"https:\/\/www.w3.org\/2000\/svg\" viewBox= \"0 0 384 512\" role=\"graphics-symbol\" aria-hidden=\"false\" aria-label=\"\"><path d=\"M288 358.3c13.98-8.088 17.53-30.04 28.88-41.39c11.35-11.35 33.3-14.88 41.39-28.87c7.98-13.79 .1658-34.54 4.373-50.29C366.7 222.5 383.1 208.5 383.1 192c0-16.5-17.27-30.52-21.34-45.73c-4.207-15.75 3.612-36.5-4.365-50.29c-8.086-13.98-30.03-17.52-41.38-28.87c-11.35-11.35-14.89-33.3-28.87-41.39c-13.79-7.979-34.54-.1637-50.29-4.375C222.5 17.27 208.5 0 192 0C175.5 0 161.5 17.27 146.3 21.34C130.5 25.54 109.8 17.73 95.98 25.7C82 33.79 78.46 55.74 67.11 67.08C55.77 78.43 33.81 81.97 25.72 95.95C17.74 109.7 25.56 130.5 21.35 146.2C17.27 161.5 .0008 175.5 .0008 192c0 16.5 17.27 30.52 21.34 45.73c4.207 15.75-3.615 36.5 4.361 50.29C33.8 302 55.74 305.5 67.08 316.9c11.35 11.35 14.89 33.3 28.88 41.4c13.79 7.979 34.53 .1582 50.28 4.369C161.5 366.7 175.5 384 192 384c16.5 0 30.52-17.27 45.74-21.34C253.5 358.5 274.2 366.3 288 358.3zM112 192c0-44.27 35.81-80 80-80s80 35.73 80 80c0 44.17-35.81 80-80 80S112 236.2 112 192zM1.719 433.2c-3.25 8.188-1.781 17.48 3.875 24.25c5.656 6.75 14.53 9.898 23.12 8.148l45.19-9.035l21.43 42.27C99.46 507 107.6 512 116.7 512c.3438 0 .6641-.0117 1.008-.0273c9.5-.375 17.65-6.082 21.24-14.88l33.58-82.08c-53.71-4.639-102-28.12-138.2-63.95L1.719 433.2zM349.6 351.1c-36.15 35.83-84.45 59.31-138.2 63.95l33.58 82.08c3.594 8.797 11.74 14.5 21.24 14.88C266.6 511.1 266.1 512 267.3 512c9.094 0 17.23-4.973 21.35-13.14l21.43-42.28l45.19 9.035c8.594 1.75 17.47-1.398 23.12-8.148c5.656-6.766 7.125-16.06 3.875-24.25L349.6 351.1z\"><\/path><\/svg>\n\t\t\t\t\t\t\t\t\t<\/span>\n\t\t\t\t\t\t\t<\/div>\n\t\t\t<\/div>\n<\/div><\/div>\n\n\n\n<div class=\"wp-block-uagb-container uagb-block-2ba5047b alignfull uagb-is-root-container\"><div class=\"uagb-container-inner-blocks-wrap\">\n<div class=\"wp-block-uagb-container uagb-block-33adbaa6\">\n<h2 class=\"wp-block-heading has-text-align-center has-text-color has-link-color wp-elements-05d55ad8fbd3dfe2b1211ce7975c4337\" style=\"color:#384b3f\">CAP Sellerie g\u00e9n\u00e9rale<\/h2>\n<\/div>\n\n\n\n<div class=\"wp-block-uagb-container uagb-block-2d392d9d\">\n<h2 class=\"wp-block-heading has-text-align-center has-text-color has-link-color wp-elements-b58ea7cb59eb4a46e952149ecdd53163\" style=\"color:#384b3f\">Bac professionnel Sellerie G\u00e9n\u00e9rale<\/h2>\n<\/div>\n<\/div><\/div>\n\n\n\n<div style=\"height:100px\" aria-hidden=\"true\" class=\"wp-block-spacer\"><\/div>\n\n\n\n<h2 class=\"wp-block-heading\">Titouan Chevrel<\/h2>\n\n\n\n<p class=\"has-text-align-left\">Plong\u00e9 dans le milieu automobile depuis toujours, j&rsquo;ai rapidement su que je voulais faire de ma passion mon travail. Et c&rsquo;est naturellement que j&rsquo;ai commenc\u00e9 mes \u00e9tudes dans ce m\u00e9tier d\u00e8s la fin de ma scolarit\u00e9.<br><br>J&rsquo;ai \u00e9t\u00e9 dipl\u00f4m\u00e9 d&rsquo;un CAP en alternance de sellerie garnissage sur Bordeaux. L&rsquo;enseignement apport\u00e9 durant ces 2 ans m&rsquo;ont permis d&rsquo;acqu\u00e9rir des bases solides dans le m\u00e9tier et sur tous les secteurs d&rsquo;activit\u00e9s.<br><br>Afin d&rsquo;affin\u00e9 mes techniques, d&rsquo;avoir une connaissance minutieuse des mat\u00e9riaux, et ainsi pouvoir apport\u00e9 le meilleur a mes clients, j&rsquo;ai poursuivi vers un Bac professionnel de sellerie g\u00e9n\u00e9rale a Thiviers (d\u00e9partement de la Dordogne).<br><br>Aujourd&rsquo;hui \u00e0 mon compte, je met mon savoir-faire et surtout ma passion dans tout les projets.<\/p>\n","protected":false},"excerpt":{"rendered":"<p>Dipl\u00f4mes CAP Sellerie g\u00e9n\u00e9rale Bac professionnel Sellerie G\u00e9n\u00e9rale Titouan Chevrel Plong\u00e9 dans le milieu automobile depuis toujours, j&rsquo;ai rapidement su que je voulais faire de ma passion mon travail. Et c&rsquo;est naturellement que j&rsquo;ai commenc\u00e9 mes \u00e9tudes dans ce m\u00e9tier d\u00e8s la fin de ma scolarit\u00e9. J&rsquo;ai \u00e9t\u00e9 dipl\u00f4m\u00e9 d&rsquo;un CAP en alternance de sellerie &hellip; <\/p>\n<p class=\"link-more\"><a href=\"https:\/\/akila-sellerie.fr\/index.php\/me-connaitre\/\" class=\"more-link\">Lire la suite de<span class=\"screen-reader-text\">\u00ab\u00a0Me connaitre\u00a0\u00bb<\/span><\/a><\/p>\n","protected":false},"author":1,"featured_media":54,"parent":0,"menu_order":0,"comment_status":"closed","ping_status":"closed","template":"","meta":{"_uag_custom_page_level_css":"","inspiro_hide_title":false,"footnotes":""},"class_list":["post-189","page","type-page","status-publish","has-post-thumbnail","hentry"],"uagb_featured_image_src":{"full":["https:\/\/akila-sellerie.fr\/wp-content\/uploads\/2026\/03\/IMG_3931-scaled.jpg",2560,1342,false],"thumbnail":["https:\/\/akila-sellerie.fr\/wp-content\/uploads\/2026\/03\/IMG_3931-150x150.jpg",150,150,true],"medium":["https:\/\/akila-sellerie.fr\/wp-content\/uploads\/2026\/03\/IMG_3931-300x157.jpg",300,157,true],"medium_large":["https:\/\/akila-sellerie.fr\/wp-content\/uploads\/2026\/03\/IMG_3931-scaled.jpg",768,403,false],"large":["https:\/\/akila-sellerie.fr\/wp-content\/uploads\/2026\/03\/IMG_3931-1024x537.jpg",950,498,true],"1536x1536":["https:\/\/akila-sellerie.fr\/wp-content\/uploads\/2026\/03\/IMG_3931-scaled-1536x805.jpg",1536,805,true],"2048x2048":["https:\/\/akila-sellerie.fr\/wp-content\/uploads\/2026\/03\/IMG_3931-scaled-2048x1074.jpg",2048,1074,true],"inspiro-featured-image":["https:\/\/akila-sellerie.fr\/wp-content\/uploads\/2026\/03\/IMG_3931-2000x1048.jpg",2000,1048,true],"inspiro-loop":["https:\/\/akila-sellerie.fr\/wp-content\/uploads\/2026\/03\/IMG_3931-950x320.jpg",950,320,true],"inspiro-loop@2x":["https:\/\/akila-sellerie.fr\/wp-content\/uploads\/2026\/03\/IMG_3931-1900x640.jpg",1900,640,true]},"uagb_author_info":{"display_name":"admin7567","author_link":"https:\/\/akila-sellerie.fr\/index.php\/author\/admin7567\/"},"uagb_comment_info":0,"uagb_excerpt":"Dipl\u00f4mes CAP Sellerie g\u00e9n\u00e9rale Bac professionnel Sellerie G\u00e9n\u00e9rale Titouan Chevrel Plong\u00e9 dans le milieu automobile depuis toujours, j&rsquo;ai rapidement su que je voulais faire de ma passion mon travail. Et c&rsquo;est naturellement que j&rsquo;ai commenc\u00e9 mes \u00e9tudes dans ce m\u00e9tier d\u00e8s la fin de ma scolarit\u00e9. J&rsquo;ai \u00e9t\u00e9 dipl\u00f4m\u00e9 d&rsquo;un CAP en alternance de sellerie\u2026","_links":{"self":[{"href":"https:\/\/akila-sellerie.fr\/index.php\/wp-json\/wp\/v2\/pages\/189","targetHints":{"allow":["GET"]}}],"collection":[{"href":"https:\/\/akila-sellerie.fr\/index.php\/wp-json\/wp\/v2\/pages"}],"about":[{"href":"https:\/\/akila-sellerie.fr\/index.php\/wp-json\/wp\/v2\/types\/page"}],"author":[{"embeddable":true,"href":"https:\/\/akila-sellerie.fr\/index.php\/wp-json\/wp\/v2\/users\/1"}],"replies":[{"embeddable":true,"href":"https:\/\/akila-sellerie.fr\/index.php\/wp-json\/wp\/v2\/comments?post=189"}],"version-history":[{"count":14,"href":"https:\/\/akila-sellerie.fr\/index.php\/wp-json\/wp\/v2\/pages\/189\/revisions"}],"predecessor-version":[{"id":203,"href":"https:\/\/akila-sellerie.fr\/index.php\/wp-json\/wp\/v2\/pages\/189\/revisions\/203"}],"wp:featuredmedia":[{"embeddable":true,"href":"https:\/\/akila-sellerie.fr\/index.php\/wp-json\/wp\/v2\/media\/54"}],"wp:attachment":[{"href":"https:\/\/akila-sellerie.fr\/index.php\/wp-json\/wp\/v2\/media?parent=189"}],"curies":[{"name":"wp","href":"https:\/\/api.w.org\/{rel}","templated":true}]}}